{"id":2210,"date":"2023-03-31T13:45:33","date_gmt":"2023-03-31T12:45:33","guid":{"rendered":"https:\/\/olpsa.pt\/unternehmenszertifizierungen\/"},"modified":"2023-06-12T11:57:46","modified_gmt":"2023-06-12T10:57:46","slug":"unternehmenszertifizierungen","status":"publish","type":"page","link":"https:\/\/olpsa.pt\/de\/unternehmenszertifizierungen\/","title":{"rendered":"Unternehmenszertifizierungen"},"content":{"rendered":"\t\t<div data-elementor-type=\"wp-page\" data-elementor-id=\"2210\" class=\"elementor elementor-2210 elementor-19\">\n\t\t\t\t\t\t\t<div class=\"elementor-element elementor-element-b17e652 e-con-full e-flex e-con\" data-id=\"b17e652\" data-element_type=\"container\" data-settings=\"{&quot;content_width&quot;:&quot;full&quot;,&quot;background_background&quot;:&quot;classic&quot;}\" data-e-bg-lazyload=\"\">\n\t\t\t\t<div class=\"elementor-element elementor-element-7a00dd3 elementor-widget elementor-widget-heading\" data-id=\"7a00dd3\" data-element_type=\"widget\" data-widget_type=\"heading.default\">\n\t\t\t\t<div class=\"elementor-widget-container\">\n\t\t\t<style>\/*! elementor - v3.13.3 - 28-05-2023 *\/\n.elementor-heading-title{padding:0;margin:0;line-height:1}.elementor-widget-heading .elementor-heading-title[class*=elementor-size-]>a{color:inherit;font-size:inherit;line-height:inherit}.elementor-widget-heading .elementor-heading-title.elementor-size-small{font-size:15px}.elementor-widget-heading .elementor-heading-title.elementor-size-medium{font-size:19px}.elementor-widget-heading .elementor-heading-title.elementor-size-large{font-size:29px}.elementor-widget-heading .elementor-heading-title.elementor-size-xl{font-size:39px}.elementor-widget-heading .elementor-heading-title.elementor-size-xxl{font-size:59px}<\/style><h2 class=\"elementor-heading-title elementor-size-default\">Zertifizierungen<\/h2>\t\t<\/div>\n\t\t\t\t<\/div>\n\t\t\t\t<\/div>\n\t\t<div class=\"elementor-element elementor-element-8a62a9c e-con-boxed e-flex e-con\" data-id=\"8a62a9c\" data-element_type=\"container\" data-settings=\"{&quot;content_width&quot;:&quot;boxed&quot;}\">\n\t\t\t\t\t<div class=\"e-con-inner\">\n\t\t\t\t<div class=\"elementor-element elementor-element-17befdd elementor-widget elementor-widget-text-editor\" data-id=\"17befdd\" data-element_type=\"widget\" data-widget_type=\"text-editor.default\">\n\t\t\t\t<div class=\"elementor-widget-container\">\n\t\t\t<style>\/*! elementor - v3.13.3 - 28-05-2023 *\/\n.elementor-widget-text-editor.elementor-drop-cap-view-stacked .elementor-drop-cap{background-color:#69727d;color:#fff}.elementor-widget-text-editor.elementor-drop-cap-view-framed .elementor-drop-cap{color:#69727d;border:3px solid;background-color:transparent}.elementor-widget-text-editor:not(.elementor-drop-cap-view-default) .elementor-drop-cap{margin-top:8px}.elementor-widget-text-editor:not(.elementor-drop-cap-view-default) .elementor-drop-cap-letter{width:1em;height:1em}.elementor-widget-text-editor .elementor-drop-cap{float:left;text-align:center;line-height:1;font-size:50px}.elementor-widget-text-editor .elementor-drop-cap-letter{display:inline-block}<\/style>\t\t\t\t<p style=\"font-weight: 400;\">Das Unternehmen Oliveira Leit\u00e3o &amp; Pena S.A. wurde in der Zeitschrift &#8222;100 gr\u00f6\u00dfte Unternehmen auf den Azoren 2015&#8220; als neuntbestes Unternehmen auf den Azoren ausgezeichnet. Wir wurden auch mit der Erneuerung der Zertifizierung bew\u00e4hrter Praktiken im Gro\u00dfhandel mit Arzneimitteln f\u00fcr das Triennium 2021\/2023 ausgezeichnet. Dar\u00fcber hinaus haben wir bereits mehrere Auszeichnungen erhalten, darunter:<\/p>\t\t\t\t\t\t<\/div>\n\t\t\t\t<\/div>\n\t\t\t\t\t<\/div>\n\t\t\t\t<\/div>\n\t\t<div class=\"elementor-element elementor-element-cb11d15 e-grid e-con-boxed e-con\" data-id=\"cb11d15\" data-element_type=\"container\" data-settings=\"{&quot;grid_columns_grid&quot;:{&quot;unit&quot;:&quot;fr&quot;,&quot;size&quot;:&quot;1&quot;,&quot;sizes&quot;:[]},&quot;grid_rows_grid&quot;:{&quot;unit&quot;:&quot;fr&quot;,&quot;size&quot;:&quot;2&quot;,&quot;sizes&quot;:[]},&quot;grid_rows_grid_mobile&quot;:{&quot;unit&quot;:&quot;fr&quot;,&quot;size&quot;:&quot;2&quot;,&quot;sizes&quot;:[]},&quot;content_width&quot;:&quot;boxed&quot;,&quot;grid_outline&quot;:&quot;yes&quot;,&quot;grid_columns_grid_widescreen&quot;:{&quot;unit&quot;:&quot;fr&quot;,&quot;size&quot;:&quot;&quot;,&quot;sizes&quot;:[]},&quot;grid_columns_grid_laptop&quot;:{&quot;unit&quot;:&quot;fr&quot;,&quot;size&quot;:&quot;&quot;,&quot;sizes&quot;:[]},&quot;grid_columns_grid_tablet_extra&quot;:{&quot;unit&quot;:&quot;fr&quot;,&quot;size&quot;:&quot;&quot;,&quot;sizes&quot;:[]},&quot;grid_columns_grid_tablet&quot;:{&quot;unit&quot;:&quot;fr&quot;,&quot;size&quot;:&quot;&quot;,&quot;sizes&quot;:[]},&quot;grid_columns_grid_mobile_extra&quot;:{&quot;unit&quot;:&quot;fr&quot;,&quot;size&quot;:&quot;&quot;,&quot;sizes&quot;:[]},&quot;grid_columns_grid_mobile&quot;:{&quot;unit&quot;:&quot;fr&quot;,&quot;size&quot;:1,&quot;sizes&quot;:[]},&quot;grid_rows_grid_widescreen&quot;:{&quot;unit&quot;:&quot;fr&quot;,&quot;size&quot;:&quot;&quot;,&quot;sizes&quot;:[]},&quot;grid_rows_grid_laptop&quot;:{&quot;unit&quot;:&quot;fr&quot;,&quot;size&quot;:&quot;&quot;,&quot;sizes&quot;:[]},&quot;grid_rows_grid_tablet_extra&quot;:{&quot;unit&quot;:&quot;fr&quot;,&quot;size&quot;:&quot;&quot;,&quot;sizes&quot;:[]},&quot;grid_rows_grid_tablet&quot;:{&quot;unit&quot;:&quot;fr&quot;,&quot;size&quot;:&quot;&quot;,&quot;sizes&quot;:[]},&quot;grid_rows_grid_mobile_extra&quot;:{&quot;unit&quot;:&quot;fr&quot;,&quot;size&quot;:&quot;&quot;,&quot;sizes&quot;:[]}}\">\n\t\t\t\t\t<div class=\"e-con-inner\">\n\t\t\t\t<div class=\"elementor-element elementor-element-5b82a5c elementor-arrows-position-inside elementor-pagination-position-outside elementor-widget elementor-widget-image-carousel\" data-id=\"5b82a5c\" data-element_type=\"widget\" data-settings=\"{&quot;slides_to_show_widescreen&quot;:&quot;3&quot;,&quot;slides_to_show_mobile_extra&quot;:&quot;3&quot;,&quot;slides_to_scroll_mobile&quot;:&quot;1&quot;,&quot;navigation&quot;:&quot;both&quot;,&quot;autoplay&quot;:&quot;yes&quot;,&quot;pause_on_hover&quot;:&quot;yes&quot;,&quot;pause_on_interaction&quot;:&quot;yes&quot;,&quot;autoplay_speed&quot;:5000,&quot;infinite&quot;:&quot;yes&quot;,&quot;speed&quot;:500}\" data-widget_type=\"image-carousel.default\">\n\t\t\t\t<div class=\"elementor-widget-container\">\n\t\t\t<style>\/*! elementor - v3.13.3 - 28-05-2023 *\/\n.elementor-widget-image-carousel .swiper,.elementor-widget-image-carousel .swiper-container{position:static}.elementor-widget-image-carousel .swiper-container .swiper-slide figure,.elementor-widget-image-carousel .swiper .swiper-slide figure{line-height:inherit}.elementor-widget-image-carousel .swiper-slide{text-align:center}.elementor-image-carousel-wrapper:not(.swiper-container-initialized):not(.swiper-initialized) .swiper-slide{max-width:calc(100% \/ var(--e-image-carousel-slides-to-show, 3))}<\/style>\t\t<div class=\"elementor-image-carousel-wrapper swiper\" dir=\"ltr\">\n\t\t\t<div class=\"elementor-image-carousel swiper-wrapper\">\n\t\t\t\t\t\t\t\t<div class=\"swiper-slide\"><figure class=\"swiper-slide-inner\"><img decoding=\"async\" class=\"swiper-slide-image\" src=\"https:\/\/olpsa.pt\/wp-content\/uploads\/2023\/06\/pme-2020.png\" alt=\"PME-2020\" \/><\/figure><\/div><div class=\"swiper-slide\"><figure class=\"swiper-slide-inner\"><img decoding=\"async\" class=\"swiper-slide-image\" src=\"https:\/\/olpsa.pt\/wp-content\/uploads\/2023\/06\/pme-2017.png\" alt=\"PME-2017\" \/><\/figure><\/div><div class=\"swiper-slide\"><figure class=\"swiper-slide-inner\"><img decoding=\"async\" class=\"swiper-slide-image\" src=\"https:\/\/olpsa.pt\/wp-content\/uploads\/2023\/06\/pme-lider-2019-l.png\" alt=\"pme-lider-2019-l\" \/><\/figure><\/div>\t\t\t<\/div>\n\t\t\t\t\t\t\t\t\t\t\t\t<div class=\"swiper-pagination\"><\/div>\n\t\t\t\t\t\t\t\t\t\t\t\t\t<div class=\"elementor-swiper-button elementor-swiper-button-prev\" role=\"button\" tabindex=\"0\">\n\t\t\t\t\t\t<svg aria-hidden=\"true\" class=\"e-font-icon-svg e-eicon-chevron-left\" viewBox=\"0 0 1000 1000\" xmlns=\"http:\/\/www.w3.org\/2000\/svg\"><path d=\"M646 125C629 125 613 133 604 142L308 442C296 454 292 471 292 487 292 504 296 521 308 533L604 854C617 867 629 875 646 875 663 875 679 871 692 858 704 846 713 829 713 812 713 796 708 779 692 767L438 487 692 225C700 217 708 204 708 187 708 171 704 154 692 142 675 129 663 125 646 125Z\"><\/path><\/svg>\t\t\t\t\t\t<span class=\"elementor-screen-only\">Previous image<\/span>\n\t\t\t\t\t<\/div>\n\t\t\t\t\t<div class=\"elementor-swiper-button elementor-swiper-button-next\" role=\"button\" tabindex=\"0\">\n\t\t\t\t\t\t<svg aria-hidden=\"true\" class=\"e-font-icon-svg e-eicon-chevron-right\" viewBox=\"0 0 1000 1000\" xmlns=\"http:\/\/www.w3.org\/2000\/svg\"><path d=\"M696 533C708 521 713 504 713 487 713 471 708 454 696 446L400 146C388 133 375 125 354 125 338 125 325 129 313 142 300 154 292 171 292 187 292 204 296 221 308 233L563 492 304 771C292 783 288 800 288 817 288 833 296 850 308 863 321 871 338 875 354 875 371 875 388 867 400 854L696 533Z\"><\/path><\/svg>\t\t\t\t\t\t<span class=\"elementor-screen-only\">Next image<\/span>\n\t\t\t\t\t<\/div>\n\t\t\t\t\t\t\t\t\t<\/div>\n\t\t\t\t<\/div>\n\t\t\t\t<\/div>\n\t\t\t\t<div class=\"elementor-element elementor-element-03cf9f0 elementor-arrows-position-inside elementor-pagination-position-outside elementor-widget elementor-widget-image-carousel\" data-id=\"03cf9f0\" data-element_type=\"widget\" data-settings=\"{&quot;slides_to_show_widescreen&quot;:&quot;3&quot;,&quot;slides_to_show_mobile_extra&quot;:&quot;3&quot;,&quot;navigation&quot;:&quot;both&quot;,&quot;autoplay&quot;:&quot;yes&quot;,&quot;pause_on_hover&quot;:&quot;yes&quot;,&quot;pause_on_interaction&quot;:&quot;yes&quot;,&quot;autoplay_speed&quot;:5000,&quot;infinite&quot;:&quot;yes&quot;,&quot;speed&quot;:500}\" data-widget_type=\"image-carousel.default\">\n\t\t\t\t<div class=\"elementor-widget-container\">\n\t\t\t\t\t<div class=\"elementor-image-carousel-wrapper swiper\" dir=\"ltr\">\n\t\t\t<div class=\"elementor-image-carousel swiper-wrapper\">\n\t\t\t\t\t\t\t\t<div class=\"swiper-slide\"><figure class=\"swiper-slide-inner\"><img decoding=\"async\" class=\"swiper-slide-image\" src=\"https:\/\/olpsa.pt\/wp-content\/uploads\/2023\/06\/pme-15.png\" alt=\"PME-15\" \/><\/figure><\/div><div class=\"swiper-slide\"><figure class=\"swiper-slide-inner\"><img decoding=\"async\" class=\"swiper-slide-image\" src=\"https:\/\/olpsa.pt\/wp-content\/uploads\/2023\/06\/pme-2013.png\" alt=\"PME-2013\" \/><\/figure><\/div><div class=\"swiper-slide\"><figure class=\"swiper-slide-inner\"><img decoding=\"async\" class=\"swiper-slide-image\" src=\"https:\/\/olpsa.pt\/wp-content\/uploads\/2023\/06\/pme-2014.png\" alt=\"PME-2014\" \/><\/figure><\/div>\t\t\t<\/div>\n\t\t\t\t\t\t\t\t\t\t\t\t<div class=\"swiper-pagination\"><\/div>\n\t\t\t\t\t\t\t\t\t\t\t\t\t<div class=\"elementor-swiper-button elementor-swiper-button-prev\" role=\"button\" tabindex=\"0\">\n\t\t\t\t\t\t<svg aria-hidden=\"true\" class=\"e-font-icon-svg e-eicon-chevron-left\" viewBox=\"0 0 1000 1000\" xmlns=\"http:\/\/www.w3.org\/2000\/svg\"><path d=\"M646 125C629 125 613 133 604 142L308 442C296 454 292 471 292 487 292 504 296 521 308 533L604 854C617 867 629 875 646 875 663 875 679 871 692 858 704 846 713 829 713 812 713 796 708 779 692 767L438 487 692 225C700 217 708 204 708 187 708 171 704 154 692 142 675 129 663 125 646 125Z\"><\/path><\/svg>\t\t\t\t\t\t<span class=\"elementor-screen-only\">Previous image<\/span>\n\t\t\t\t\t<\/div>\n\t\t\t\t\t<div class=\"elementor-swiper-button elementor-swiper-button-next\" role=\"button\" tabindex=\"0\">\n\t\t\t\t\t\t<svg aria-hidden=\"true\" class=\"e-font-icon-svg e-eicon-chevron-right\" viewBox=\"0 0 1000 1000\" xmlns=\"http:\/\/www.w3.org\/2000\/svg\"><path d=\"M696 533C708 521 713 504 713 487 713 471 708 454 696 446L400 146C388 133 375 125 354 125 338 125 325 129 313 142 300 154 292 171 292 187 292 204 296 221 308 233L563 492 304 771C292 783 288 800 288 817 288 833 296 850 308 863 321 871 338 875 354 875 371 875 388 867 400 854L696 533Z\"><\/path><\/svg>\t\t\t\t\t\t<span class=\"elementor-screen-only\">Next image<\/span>\n\t\t\t\t\t<\/div>\n\t\t\t\t\t\t\t\t\t<\/div>\n\t\t\t\t<\/div>\n\t\t\t\t<\/div>\n\t\t\t\t\t<\/div>\n\t\t\t\t<\/div>\n\t\t\t\t\t\t\t<\/div>\n\t\t","protected":false},"excerpt":{"rendered":"<p>Zertifizierungen Das Unternehmen Oliveira Leit\u00e3o &amp; Pena S.A. wurde in der Zeitschrift &#8222;100 gr\u00f6\u00dfte Unternehmen auf den Azoren 2015&#8220; als neuntbestes Unternehmen auf den Azoren ausgezeichnet. Wir wurden auch mit der Erneuerung der Zertifizierung bew\u00e4hrter Praktiken im Gro\u00dfhandel mit Arzneimitteln f\u00fcr das Triennium 2021\/2023 ausgezeichnet. Dar\u00fcber hinaus haben wir bereits mehrere Auszeichnungen erhalten, darunter: Previous [&hellip;]<\/p>\n","protected":false},"author":1,"featured_media":0,"parent":0,"menu_order":0,"comment_status":"closed","ping_status":"closed","template":"elementor_header_footer","meta":[],"acf":[],"yoast_head":"<!-- This site is optimized with the Yoast SEO plugin v20.9 - https:\/\/yoast.com\/wordpress\/plugins\/seo\/ -->\n<title>Unternehmenszertifizierungen - Oliveira Leit\u00e3o &amp; Pena S.A.<\/title>\n<meta name=\"description\" content=\"Lernen Sie alle Zertifizierungen des Unternehmens kennen und erfahren Sie alles \u00fcber Oliveira Leit\u00e3o e Pena, S.A.\" \/>\n<meta name=\"robots\" content=\"index, follow, max-snippet:-1, max-image-preview:large, max-video-preview:-1\" \/>\n<link rel=\"canonical\" href=\"https:\/\/olpsa.pt\/de\/unternehmenszertifizierungen\/\" \/>\n<meta property=\"og:locale\" content=\"de_DE\" \/>\n<meta property=\"og:type\" content=\"article\" \/>\n<meta property=\"og:title\" content=\"Unternehmenszertifizierungen - Oliveira Leit\u00e3o &amp; Pena S.A.\" \/>\n<meta property=\"og:description\" content=\"Lernen Sie alle Zertifizierungen des Unternehmens kennen und erfahren Sie alles \u00fcber Oliveira Leit\u00e3o e Pena, S.A.\" \/>\n<meta property=\"og:url\" content=\"https:\/\/olpsa.pt\/de\/unternehmenszertifizierungen\/\" \/>\n<meta property=\"og:site_name\" content=\"Oliveira Leit\u00e3o &amp; Pena S.A.\" \/>\n<meta property=\"article:publisher\" content=\"https:\/\/www.facebook.com\/oliveiraleitaopena\" \/>\n<meta property=\"article:modified_time\" content=\"2023-06-12T10:57:46+00:00\" \/>\n<meta property=\"og:image\" content=\"https:\/\/olpsa.pt\/wp-content\/uploads\/2023\/06\/pme-2020.png\" \/>\n<meta name=\"twitter:card\" content=\"summary_large_image\" \/>\n<meta name=\"twitter:site\" content=\"@Olp_s_a\" \/>\n<meta name=\"twitter:label1\" content=\"Est. reading time\" \/>\n\t<meta name=\"twitter:data1\" content=\"2 Minuten\" \/>\n<script type=\"application\/ld+json\" class=\"yoast-schema-graph\">{\"@context\":\"https:\/\/schema.org\",\"@graph\":[{\"@type\":\"WebPage\",\"@id\":\"https:\/\/olpsa.pt\/de\/unternehmenszertifizierungen\/\",\"url\":\"https:\/\/olpsa.pt\/de\/unternehmenszertifizierungen\/\",\"name\":\"Unternehmenszertifizierungen - Oliveira Leit\u00e3o &amp; Pena S.A.\",\"isPartOf\":{\"@id\":\"https:\/\/olpsa.pt\/#website\"},\"datePublished\":\"2023-03-31T12:45:33+00:00\",\"dateModified\":\"2023-06-12T10:57:46+00:00\",\"description\":\"Lernen Sie alle Zertifizierungen des Unternehmens kennen und erfahren Sie alles \u00fcber Oliveira Leit\u00e3o e Pena, S.A.\",\"breadcrumb\":{\"@id\":\"https:\/\/olpsa.pt\/de\/unternehmenszertifizierungen\/#breadcrumb\"},\"inLanguage\":\"de-DE\",\"potentialAction\":[{\"@type\":\"ReadAction\",\"target\":[\"https:\/\/olpsa.pt\/de\/unternehmenszertifizierungen\/\"]}]},{\"@type\":\"BreadcrumbList\",\"@id\":\"https:\/\/olpsa.pt\/de\/unternehmenszertifizierungen\/#breadcrumb\",\"itemListElement\":[{\"@type\":\"ListItem\",\"position\":1,\"name\":\"Home\",\"item\":\"https:\/\/olpsa.pt\/\"},{\"@type\":\"ListItem\",\"position\":2,\"name\":\"Unternehmenszertifizierungen\"}]},{\"@type\":\"WebSite\",\"@id\":\"https:\/\/olpsa.pt\/#website\",\"url\":\"https:\/\/olpsa.pt\/\",\"name\":\"Oliveira Leit\u00e3o &amp; Pena S.A.\",\"description\":\"\",\"publisher\":{\"@id\":\"https:\/\/olpsa.pt\/#organization\"},\"potentialAction\":[{\"@type\":\"SearchAction\",\"target\":{\"@type\":\"EntryPoint\",\"urlTemplate\":\"https:\/\/olpsa.pt\/?s={search_term_string}\"},\"query-input\":\"required name=search_term_string\"}],\"inLanguage\":\"de-DE\"},{\"@type\":\"Organization\",\"@id\":\"https:\/\/olpsa.pt\/#organization\",\"name\":\"Oliveira Leit\u00e3o &amp; Pena S.A.\",\"url\":\"https:\/\/olpsa.pt\/\",\"logo\":{\"@type\":\"ImageObject\",\"inLanguage\":\"de-DE\",\"@id\":\"https:\/\/olpsa.pt\/#\/schema\/logo\/image\/\",\"url\":\"https:\/\/olpsa.pt\/wp-content\/uploads\/2023\/03\/logo-rodape.png\",\"contentUrl\":\"https:\/\/olpsa.pt\/wp-content\/uploads\/2023\/03\/logo-rodape.png\",\"width\":294,\"height\":98,\"caption\":\"Oliveira Leit\u00e3o &amp; Pena S.A.\"},\"image\":{\"@id\":\"https:\/\/olpsa.pt\/#\/schema\/logo\/image\/\"},\"sameAs\":[\"https:\/\/www.facebook.com\/oliveiraleitaopena\",\"https:\/\/twitter.com\/Olp_s_a\",\"https:\/\/www.instagram.com\/oliveira.leitao.pena.sa\/\"]}]}<\/script>\n<!-- \/ Yoast SEO plugin. -->","yoast_head_json":{"title":"Unternehmenszertifizierungen - Oliveira Leit\u00e3o &amp; Pena S.A.","description":"Lernen Sie alle Zertifizierungen des Unternehmens kennen und erfahren Sie alles \u00fcber Oliveira Leit\u00e3o e Pena, S.A.","robots":{"index":"index","follow":"follow","max-snippet":"max-snippet:-1","max-image-preview":"max-image-preview:large","max-video-preview":"max-video-preview:-1"},"canonical":"https:\/\/olpsa.pt\/de\/unternehmenszertifizierungen\/","og_locale":"de_DE","og_type":"article","og_title":"Unternehmenszertifizierungen - Oliveira Leit\u00e3o &amp; Pena S.A.","og_description":"Lernen Sie alle Zertifizierungen des Unternehmens kennen und erfahren Sie alles \u00fcber Oliveira Leit\u00e3o e Pena, S.A.","og_url":"https:\/\/olpsa.pt\/de\/unternehmenszertifizierungen\/","og_site_name":"Oliveira Leit\u00e3o &amp; Pena S.A.","article_publisher":"https:\/\/www.facebook.com\/oliveiraleitaopena","article_modified_time":"2023-06-12T10:57:46+00:00","og_image":[{"url":"https:\/\/olpsa.pt\/wp-content\/uploads\/2023\/06\/pme-2020.png"}],"twitter_card":"summary_large_image","twitter_site":"@Olp_s_a","twitter_misc":{"Est. reading time":"2 Minuten"},"schema":{"@context":"https:\/\/schema.org","@graph":[{"@type":"WebPage","@id":"https:\/\/olpsa.pt\/de\/unternehmenszertifizierungen\/","url":"https:\/\/olpsa.pt\/de\/unternehmenszertifizierungen\/","name":"Unternehmenszertifizierungen - Oliveira Leit\u00e3o &amp; Pena S.A.","isPartOf":{"@id":"https:\/\/olpsa.pt\/#website"},"datePublished":"2023-03-31T12:45:33+00:00","dateModified":"2023-06-12T10:57:46+00:00","description":"Lernen Sie alle Zertifizierungen des Unternehmens kennen und erfahren Sie alles \u00fcber Oliveira Leit\u00e3o e Pena, S.A.","breadcrumb":{"@id":"https:\/\/olpsa.pt\/de\/unternehmenszertifizierungen\/#breadcrumb"},"inLanguage":"de-DE","potentialAction":[{"@type":"ReadAction","target":["https:\/\/olpsa.pt\/de\/unternehmenszertifizierungen\/"]}]},{"@type":"BreadcrumbList","@id":"https:\/\/olpsa.pt\/de\/unternehmenszertifizierungen\/#breadcrumb","itemListElement":[{"@type":"ListItem","position":1,"name":"Home","item":"https:\/\/olpsa.pt\/"},{"@type":"ListItem","position":2,"name":"Unternehmenszertifizierungen"}]},{"@type":"WebSite","@id":"https:\/\/olpsa.pt\/#website","url":"https:\/\/olpsa.pt\/","name":"Oliveira Leit\u00e3o &amp; Pena S.A.","description":"","publisher":{"@id":"https:\/\/olpsa.pt\/#organization"},"potentialAction":[{"@type":"SearchAction","target":{"@type":"EntryPoint","urlTemplate":"https:\/\/olpsa.pt\/?s={search_term_string}"},"query-input":"required name=search_term_string"}],"inLanguage":"de-DE"},{"@type":"Organization","@id":"https:\/\/olpsa.pt\/#organization","name":"Oliveira Leit\u00e3o &amp; Pena S.A.","url":"https:\/\/olpsa.pt\/","logo":{"@type":"ImageObject","inLanguage":"de-DE","@id":"https:\/\/olpsa.pt\/#\/schema\/logo\/image\/","url":"https:\/\/olpsa.pt\/wp-content\/uploads\/2023\/03\/logo-rodape.png","contentUrl":"https:\/\/olpsa.pt\/wp-content\/uploads\/2023\/03\/logo-rodape.png","width":294,"height":98,"caption":"Oliveira Leit\u00e3o &amp; Pena S.A."},"image":{"@id":"https:\/\/olpsa.pt\/#\/schema\/logo\/image\/"},"sameAs":["https:\/\/www.facebook.com\/oliveiraleitaopena","https:\/\/twitter.com\/Olp_s_a","https:\/\/www.instagram.com\/oliveira.leitao.pena.sa\/"]}]}},"_links":{"self":[{"href":"https:\/\/olpsa.pt\/de\/wp-json\/wp\/v2\/pages\/2210"}],"collection":[{"href":"https:\/\/olpsa.pt\/de\/wp-json\/wp\/v2\/pages"}],"about":[{"href":"https:\/\/olpsa.pt\/de\/wp-json\/wp\/v2\/types\/page"}],"author":[{"embeddable":true,"href":"https:\/\/olpsa.pt\/de\/wp-json\/wp\/v2\/users\/1"}],"replies":[{"embeddable":true,"href":"https:\/\/olpsa.pt\/de\/wp-json\/wp\/v2\/comments?post=2210"}],"version-history":[{"count":11,"href":"https:\/\/olpsa.pt\/de\/wp-json\/wp\/v2\/pages\/2210\/revisions"}],"predecessor-version":[{"id":3265,"href":"https:\/\/olpsa.pt\/de\/wp-json\/wp\/v2\/pages\/2210\/revisions\/3265"}],"wp:attachment":[{"href":"https:\/\/olpsa.pt\/de\/wp-json\/wp\/v2\/media?parent=2210"}],"curies":[{"name":"wp","href":"https:\/\/api.w.org\/{rel}","templated":true}]}}