{"id":2254,"date":"2023-03-31T13:45:57","date_gmt":"2023-03-31T12:45:57","guid":{"rendered":"https:\/\/olpsa.pt\/mission-vision-und-werte\/"},"modified":"2023-06-12T17:29:05","modified_gmt":"2023-06-12T16:29:05","slug":"mission-vision-und-werte","status":"publish","type":"page","link":"https:\/\/olpsa.pt\/de\/mission-vision-und-werte\/","title":{"rendered":"Mission, Vision und Werte"},"content":{"rendered":"\t\t<div data-elementor-type=\"wp-page\" data-elementor-id=\"2254\" class=\"elementor elementor-2254 elementor-23\">\n\t\t\t\t\t\t\t<div class=\"elementor-element elementor-element-dd1ef1f e-con-full e-flex e-con\" data-id=\"dd1ef1f\" data-element_type=\"container\" data-settings=\"{&quot;content_width&quot;:&quot;full&quot;,&quot;background_background&quot;:&quot;classic&quot;}\" data-e-bg-lazyload=\"\">\n\t\t\t\t<div class=\"elementor-element elementor-element-ccfa910 elementor-widget elementor-widget-heading\" data-id=\"ccfa910\" data-element_type=\"widget\" data-widget_type=\"heading.default\">\n\t\t\t\t<div class=\"elementor-widget-container\">\n\t\t\t<style>\/*! elementor - v3.13.3 - 28-05-2023 *\/\n.elementor-heading-title{padding:0;margin:0;line-height:1}.elementor-widget-heading .elementor-heading-title[class*=elementor-size-]>a{color:inherit;font-size:inherit;line-height:inherit}.elementor-widget-heading .elementor-heading-title.elementor-size-small{font-size:15px}.elementor-widget-heading .elementor-heading-title.elementor-size-medium{font-size:19px}.elementor-widget-heading .elementor-heading-title.elementor-size-large{font-size:29px}.elementor-widget-heading .elementor-heading-title.elementor-size-xl{font-size:39px}.elementor-widget-heading .elementor-heading-title.elementor-size-xxl{font-size:59px}<\/style><h2 class=\"elementor-heading-title elementor-size-default\">Mission, Vision und Werte<\/h2>\t\t<\/div>\n\t\t\t\t<\/div>\n\t\t\t\t<\/div>\n\t\t<div class=\"elementor-element elementor-element-f179ef2 e-con-boxed e-flex e-con\" data-id=\"f179ef2\" data-element_type=\"container\" data-settings=\"{&quot;content_width&quot;:&quot;boxed&quot;}\">\n\t\t\t\t\t<div class=\"e-con-inner\">\n\t\t<div class=\"elementor-element elementor-element-61db0b0 e-con-full e-flex e-con\" data-id=\"61db0b0\" data-element_type=\"container\" data-settings=\"{&quot;content_width&quot;:&quot;full&quot;}\">\n\t\t\t\t<div class=\"elementor-element elementor-element-c3f07b5 elementor-position-top elementor-view-default elementor-mobile-position-top elementor-vertical-align-top elementor-widget elementor-widget-icon-box\" data-id=\"c3f07b5\" data-element_type=\"widget\" data-widget_type=\"icon-box.default\">\n\t\t\t\t<div class=\"elementor-widget-container\">\n\t\t\t<link rel=\"stylesheet\" href=\"https:\/\/olpsa.pt\/wp-content\/uploads\/elementor\/css\/custom-widget-icon-box.min.css?ver=1685817999\">\t\t<div class=\"elementor-icon-box-wrapper\">\n\t\t\t\t\t\t<div class=\"elementor-icon-box-icon\">\n\t\t\t\t<span class=\"elementor-icon elementor-animation-\" >\n\t\t\t\t<svg xmlns=\"http:\/\/www.w3.org\/2000\/svg\" width=\"47\" height=\"48\" viewBox=\"0 0 47 48\" fill=\"none\"><path d=\"M27.4967 20.0039L22.5792 24.9214\" stroke=\"#294C9D\" stroke-width=\"2.9375\" stroke-linecap=\"round\" stroke-linejoin=\"round\"><\/path><path fill-rule=\"evenodd\" clip-rule=\"evenodd\" d=\"M27.4184 12.2458V20.0824H35.255L43.0916 12.2458L37.8665 9.63423L35.255 4.40918L27.4184 12.2458Z\" stroke=\"#294C9D\" stroke-width=\"2.9375\" stroke-linecap=\"round\" stroke-linejoin=\"round\"><\/path><path d=\"M21.5409 8.27783C12.6041 8.82634 5.69175 16.3283 5.87502 25.2801C6.05829 34.2319 13.2718 41.4446 22.2237 41.6269C31.1755 41.8092 38.6767 34.8961 39.2242 25.9592\" stroke=\"#294C9D\" stroke-width=\"2.9375\" stroke-linecap=\"round\" stroke-linejoin=\"round\"><\/path><path d=\"M31.748 25.9596C31.2213 30.7832 27.0593 34.3815 22.2102 34.2056C17.3611 34.0297 13.4708 30.1394 13.2949 25.2903C13.119 20.4412 16.7173 16.2792 21.5409 15.7524\" stroke=\"#294C9D\" stroke-width=\"2.9375\" stroke-linecap=\"round\" stroke-linejoin=\"round\"><\/path><\/svg>\t\t\t\t<\/span>\n\t\t\t<\/div>\n\t\t\t\t\t\t<div class=\"elementor-icon-box-content\">\n\t\t\t\t<h3 class=\"elementor-icon-box-title\">\n\t\t\t\t\t<span  >\n\t\t\t\t\t\tMission\t\t\t\t\t<\/span>\n\t\t\t\t<\/h3>\n\t\t\t\t\t\t\t\t\t<p class=\"elementor-icon-box-description\">\n\t\t\t\t\t\tOliveira Leit\u00e3o &amp; Pena S.A. beliefert den regionalen Pharmamarkt und repr\u00e4sentiert die renommiertesten pharmazeutischen Laboratorien. Wir konzentrieren uns darauf, zur L\u00f6sung der Bed\u00fcrfnisse der Bev\u00f6lkerung der Azoren beizutragen.\n\t\t\t\t\t<\/p>\n\t\t\t\t\t\t\t<\/div>\n\t\t<\/div>\n\t\t\t\t<\/div>\n\t\t\t\t<\/div>\n\t\t\t\t<\/div>\n\t\t<div class=\"elementor-element elementor-element-7b3bddd e-con-full e-flex e-con\" data-id=\"7b3bddd\" data-element_type=\"container\" data-settings=\"{&quot;content_width&quot;:&quot;full&quot;}\">\n\t\t\t\t<div class=\"elementor-element elementor-element-ee356d8 elementor-position-top elementor-view-default elementor-mobile-position-top elementor-vertical-align-top elementor-widget elementor-widget-icon-box\" data-id=\"ee356d8\" data-element_type=\"widget\" data-widget_type=\"icon-box.default\">\n\t\t\t\t<div class=\"elementor-widget-container\">\n\t\t\t\t\t<div class=\"elementor-icon-box-wrapper\">\n\t\t\t\t\t\t<div class=\"elementor-icon-box-icon\">\n\t\t\t\t<span class=\"elementor-icon elementor-animation-\" >\n\t\t\t\t<svg xmlns=\"http:\/\/www.w3.org\/2000\/svg\" width=\"47\" height=\"47\" viewBox=\"0 0 47 47\" fill=\"none\"><path d=\"M31.3334 41.1252H35.25C38.4947 41.1252 41.125 38.4948 41.125 35.2502V31.3335\" stroke=\"#294C9D\" stroke-width=\"3\" stroke-linecap=\"round\" stroke-linejoin=\"round\"><\/path><path d=\"M31.3334 5.875H35.25C38.4947 5.875 41.125 8.50533 41.125 11.75V15.6667\" stroke=\"#294C9D\" stroke-width=\"3\" stroke-linecap=\"round\" stroke-linejoin=\"round\"><\/path><path d=\"M5.875 31.3335V35.2502C5.875 38.4948 8.50533 41.1252 11.75 41.1252H15.6667\" stroke=\"#294C9D\" stroke-width=\"3\" stroke-linecap=\"round\" stroke-linejoin=\"round\"><\/path><path d=\"M5.875 15.6667V11.75C5.875 8.50533 8.50533 5.875 11.75 5.875H15.6667\" stroke=\"#294C9D\" stroke-width=\"3\" stroke-linecap=\"round\" stroke-linejoin=\"round\"><\/path><path d=\"M23.5 33.2918C18.8759 33.2416 14.654 30.6527 12.5123 26.5542V26.5542C11.4959 24.645 11.4959 22.3553 12.5123 20.4461V20.4461C14.654 16.3476 18.8759 13.7588 23.5 13.7085\" stroke=\"#294C9D\" stroke-width=\"3\" stroke-linecap=\"round\" stroke-linejoin=\"round\"><\/path><path d=\"M23.5 13.7085C28.1241 13.7588 32.346 16.3476 34.4877 20.4462V20.4462C35.5041 22.3553 35.5041 24.645 34.4877 26.5542V26.5542C32.346 30.6527 28.1241 33.2416 23.5 33.2918\" stroke=\"#294C9D\" stroke-width=\"3\" stroke-linecap=\"round\" stroke-linejoin=\"round\"><\/path><circle cx=\"23.5\" cy=\"23.5\" r=\"2.9375\" stroke=\"#294C9D\" stroke-width=\"3\" stroke-linecap=\"round\" stroke-linejoin=\"round\"><\/circle><\/svg>\t\t\t\t<\/span>\n\t\t\t<\/div>\n\t\t\t\t\t\t<div class=\"elementor-icon-box-content\">\n\t\t\t\t<h3 class=\"elementor-icon-box-title\">\n\t\t\t\t\t<span  >\n\t\t\t\t\t\t Vision\t\t\t\t\t<\/span>\n\t\t\t\t<\/h3>\n\t\t\t\t\t\t\t\t\t<p class=\"elementor-icon-box-description\">\n\t\t\t\t\t\t\nUnsere Mottos sind Qualit\u00e4t und Sicherheit, so dass alle pharmazeutischen Produkte nach guten Vertriebspraktiken behandelt und transportiert werden. Wir stehen immer in direktem Kontakt mit Lieferanten, um die Versorgung der M\u00e4rkte sicherzustellen und \u00fcber Innovationen im pharmazeutischen Bereich informiert zu werden.\t\t\t\t\t<\/p>\n\t\t\t\t\t\t\t<\/div>\n\t\t<\/div>\n\t\t\t\t<\/div>\n\t\t\t\t<\/div>\n\t\t\t\t<\/div>\n\t\t\t\t\t<\/div>\n\t\t\t\t<\/div>\n\t\t<div class=\"elementor-element elementor-element-839e458 e-con-boxed e-flex e-con\" data-id=\"839e458\" data-element_type=\"container\" data-settings=\"{&quot;content_width&quot;:&quot;boxed&quot;}\">\n\t\t\t\t\t<div class=\"e-con-inner\">\n\t\t<div class=\"elementor-element elementor-element-9f5922a e-con-full e-flex e-con\" data-id=\"9f5922a\" data-element_type=\"container\" data-settings=\"{&quot;content_width&quot;:&quot;full&quot;}\">\n\t\t\t\t<div class=\"elementor-element elementor-element-7360984 elementor-position-top elementor-widget__width-initial elementor-view-default elementor-mobile-position-top elementor-vertical-align-top elementor-widget elementor-widget-icon-box\" data-id=\"7360984\" data-element_type=\"widget\" data-widget_type=\"icon-box.default\">\n\t\t\t\t<div class=\"elementor-widget-container\">\n\t\t\t\t\t<div class=\"elementor-icon-box-wrapper\">\n\t\t\t\t\t\t<div class=\"elementor-icon-box-icon\">\n\t\t\t\t<span class=\"elementor-icon elementor-animation-\" >\n\t\t\t\t<svg xmlns=\"http:\/\/www.w3.org\/2000\/svg\" xmlns:xlink=\"http:\/\/www.w3.org\/1999\/xlink\" xmlns:svgjs=\"http:\/\/svgjs.com\/svgjs\" width=\"512\" height=\"512\" x=\"0\" y=\"0\" viewBox=\"0 0 512 512\" style=\"enable-background:new 0 0 512 512\" xml:space=\"preserve\" class=\"\"><g><path d=\"M437.678 266.949V18.723A8.724 8.724 0 0 0 428.955 10H138.186v371.889h53.319M389.827 381.889h47.851v-24.436M138.185 381.891V10H96.131c-12.044 0-21.808 9.764-21.808 21.808v378.171\" style=\"stroke-width:20;stroke-linecap:round;stroke-linejoin:round;stroke-miterlimit:10;\" fill=\"none\" stroke=\"#294c9d\" stroke-width=\"20\" stroke-linecap=\"round\" stroke-linejoin=\"round\" stroke-miterlimit=\"10\" data-original=\"#000000\"><\/path><path d=\"M189.503 381.889h-87.09a27.981 27.981 0 0 0-19.859 8.232 27.961 27.961 0 0 0-8.232 19.859c0 15.513 12.579 28.081 28.091 28.081h104.584M379.001 438.062h49.954a8.717 8.717 0 0 0 8.723-8.723v-47.45h-45.849M437.677 311.768h0\" style=\"stroke-width:20;stroke-linecap:round;stroke-linejoin:round;stroke-miterlimit:10;\" fill=\"none\" stroke=\"#294c9d\" stroke-width=\"20\" stroke-linecap=\"round\" stroke-linejoin=\"round\" stroke-miterlimit=\"10\" data-original=\"#000000\"><\/path><path d=\"M202.659 298.458h0c11.463-2.29 22.545 5.37 24.453 16.903l2.309 13.807-.017-106.215c0-10.965 8.889-19.855 19.855-19.855 10.965 0 19.854 8.889 19.854 19.855v-23.944c0-10.965 9.126-19.855 20.384-19.855h0c11.257 0 20.384 8.889 20.384 19.855v23.944c0-10.965 9.006-19.855 20.116-19.855s20.116 8.889 20.116 19.855v32.832c0-10.887 8.896-19.714 19.859-19.714a19.884 19.884 0 0 1 14.04 5.777c3.589 3.563 5.819 8.494 5.819 13.938v130.569c0 32.054-15.177 69.042-38.788 87.363v18.268c0 5.531-4.484 10.015-10.015 10.015h-92c-5.531 0-10.015-4.484-10.015-10.015v-21.079c-8.266-6.65-40.156-30.703-46.049-72.369l-6.857-77.989c-.921-10.507 6.21-20.025 16.552-22.091zM350.113 255.785v61.901M309.881 222.953v94.733M269.114 222.953v94.733M214.774 78.651h146.313M234.247 122.716h107.368\" style=\"stroke-width:20;stroke-linecap:round;stroke-linejoin:round;stroke-miterlimit:10;\" fill=\"none\" stroke=\"#294c9d\" stroke-width=\"20\" stroke-linecap=\"round\" stroke-linejoin=\"round\" stroke-miterlimit=\"10\" data-original=\"#000000\"><\/path><\/g><\/svg>\t\t\t\t<\/span>\n\t\t\t<\/div>\n\t\t\t\t\t\t<div class=\"elementor-icon-box-content\">\n\t\t\t\t<h3 class=\"elementor-icon-box-title\">\n\t\t\t\t\t<span  >\n\t\t\t\t\t\tWerte\t\t\t\t\t<\/span>\n\t\t\t\t<\/h3>\n\t\t\t\t\t\t\t\t\t<p class=\"elementor-icon-box-description\">\n\t\t\t\t\t\tWir sind ein Unternehmen von qualifizierten Fachleuten, wir haben ein Team, das immer mit den gleichen Werten arbeitet: Strenge, Qualit\u00e4t, Transparenz und Professionalit\u00e4t. Diese Werte sind in allen unseren Gesch\u00e4ftsbereichen pr\u00e4sent und erm\u00f6glichen es uns, unseren Partnern, Kunden und Mitarbeitern weiterhin einen exzellenten Service zu bieten.\t\t\t\t\t<\/p>\n\t\t\t\t\t\t\t<\/div>\n\t\t<\/div>\n\t\t\t\t<\/div>\n\t\t\t\t<\/div>\n\t\t\t\t<\/div>\n\t\t\t\t\t<\/div>\n\t\t\t\t<\/div>\n\t\t\t\t\t\t\t<\/div>\n\t\t","protected":false},"excerpt":{"rendered":"<p>Mission, Vision und Werte &nbsp; Mission Oliveira Leit\u00e3o &amp; Pena S.A. beliefert den regionalen Pharmamarkt und repr\u00e4sentiert die renommiertesten pharmazeutischen Laboratorien. Wir konzentrieren uns darauf, zur L\u00f6sung der Bed\u00fcrfnisse der Bev\u00f6lkerung der Azoren beizutragen. &nbsp; Vision Unsere Mottos sind Qualit\u00e4t und Sicherheit, so dass alle pharmazeutischen Produkte nach guten Vertriebspraktiken behandelt und transportiert werden. Wir [&hellip;]<\/p>\n","protected":false},"author":1,"featured_media":1886,"parent":0,"menu_order":0,"comment_status":"closed","ping_status":"closed","template":"elementor_header_footer","meta":[],"acf":[],"yoast_head":"<!-- This site is optimized with the Yoast SEO plugin v20.9 - https:\/\/yoast.com\/wordpress\/plugins\/seo\/ -->\n<title>Vertrieb von kosmetischen &amp; pharmazeutischen Produkten - Azoren<\/title>\n<meta name=\"description\" content=\"Oliveira Leit\u00e3o &amp; Pena S.A. vertreibt pharmazeutische und kosmetische Produkte auf allen Inseln der Azoren.\" \/>\n<meta name=\"robots\" content=\"index, follow, max-snippet:-1, max-image-preview:large, max-video-preview:-1\" \/>\n<link rel=\"canonical\" href=\"https:\/\/olpsa.pt\/de\/mission-vision-und-werte\/\" \/>\n<meta property=\"og:locale\" content=\"de_DE\" \/>\n<meta property=\"og:type\" content=\"article\" \/>\n<meta property=\"og:title\" content=\"Vertrieb von kosmetischen &amp; pharmazeutischen Produkten - Azoren\" \/>\n<meta property=\"og:description\" content=\"Oliveira Leit\u00e3o &amp; Pena S.A. vertreibt pharmazeutische und kosmetische Produkte auf allen Inseln der Azoren.\" \/>\n<meta property=\"og:url\" content=\"https:\/\/olpsa.pt\/de\/mission-vision-und-werte\/\" \/>\n<meta property=\"og:site_name\" content=\"Oliveira Leit\u00e3o &amp; Pena S.A.\" \/>\n<meta property=\"article:publisher\" content=\"https:\/\/www.facebook.com\/oliveiraleitaopena\" \/>\n<meta property=\"article:modified_time\" content=\"2023-06-12T16:29:05+00:00\" \/>\n<meta property=\"og:image\" content=\"https:\/\/olpsa.pt\/wp-content\/uploads\/2023\/05\/dsc05403-scaled.jpg\" \/>\n\t<meta property=\"og:image:width\" content=\"2560\" \/>\n\t<meta property=\"og:image:height\" content=\"1707\" \/>\n\t<meta property=\"og:image:type\" content=\"image\/jpeg\" \/>\n<meta name=\"twitter:card\" content=\"summary_large_image\" \/>\n<meta name=\"twitter:site\" content=\"@Olp_s_a\" \/>\n<meta name=\"twitter:label1\" content=\"Est. reading time\" \/>\n\t<meta name=\"twitter:data1\" content=\"1 Minute\" \/>\n<script type=\"application\/ld+json\" class=\"yoast-schema-graph\">{\"@context\":\"https:\/\/schema.org\",\"@graph\":[{\"@type\":\"WebPage\",\"@id\":\"https:\/\/olpsa.pt\/de\/mission-vision-und-werte\/\",\"url\":\"https:\/\/olpsa.pt\/de\/mission-vision-und-werte\/\",\"name\":\"Vertrieb von kosmetischen & pharmazeutischen Produkten - Azoren\",\"isPartOf\":{\"@id\":\"https:\/\/olpsa.pt\/#website\"},\"datePublished\":\"2023-03-31T12:45:57+00:00\",\"dateModified\":\"2023-06-12T16:29:05+00:00\",\"description\":\"Oliveira Leit\u00e3o & Pena S.A. vertreibt pharmazeutische und kosmetische Produkte auf allen Inseln der Azoren.\",\"breadcrumb\":{\"@id\":\"https:\/\/olpsa.pt\/de\/mission-vision-und-werte\/#breadcrumb\"},\"inLanguage\":\"de-DE\",\"potentialAction\":[{\"@type\":\"ReadAction\",\"target\":[\"https:\/\/olpsa.pt\/de\/mission-vision-und-werte\/\"]}]},{\"@type\":\"BreadcrumbList\",\"@id\":\"https:\/\/olpsa.pt\/de\/mission-vision-und-werte\/#breadcrumb\",\"itemListElement\":[{\"@type\":\"ListItem\",\"position\":1,\"name\":\"Home\",\"item\":\"https:\/\/olpsa.pt\/\"},{\"@type\":\"ListItem\",\"position\":2,\"name\":\"Mission, Vision und Werte\"}]},{\"@type\":\"WebSite\",\"@id\":\"https:\/\/olpsa.pt\/#website\",\"url\":\"https:\/\/olpsa.pt\/\",\"name\":\"Oliveira Leit\u00e3o &amp; Pena S.A.\",\"description\":\"\",\"publisher\":{\"@id\":\"https:\/\/olpsa.pt\/#organization\"},\"potentialAction\":[{\"@type\":\"SearchAction\",\"target\":{\"@type\":\"EntryPoint\",\"urlTemplate\":\"https:\/\/olpsa.pt\/?s={search_term_string}\"},\"query-input\":\"required name=search_term_string\"}],\"inLanguage\":\"de-DE\"},{\"@type\":\"Organization\",\"@id\":\"https:\/\/olpsa.pt\/#organization\",\"name\":\"Oliveira Leit\u00e3o &amp; Pena S.A.\",\"url\":\"https:\/\/olpsa.pt\/\",\"logo\":{\"@type\":\"ImageObject\",\"inLanguage\":\"de-DE\",\"@id\":\"https:\/\/olpsa.pt\/#\/schema\/logo\/image\/\",\"url\":\"https:\/\/olpsa.pt\/wp-content\/uploads\/2023\/03\/logo-rodape.png\",\"contentUrl\":\"https:\/\/olpsa.pt\/wp-content\/uploads\/2023\/03\/logo-rodape.png\",\"width\":294,\"height\":98,\"caption\":\"Oliveira Leit\u00e3o &amp; Pena S.A.\"},\"image\":{\"@id\":\"https:\/\/olpsa.pt\/#\/schema\/logo\/image\/\"},\"sameAs\":[\"https:\/\/www.facebook.com\/oliveiraleitaopena\",\"https:\/\/twitter.com\/Olp_s_a\",\"https:\/\/www.instagram.com\/oliveira.leitao.pena.sa\/\"]}]}<\/script>\n<!-- \/ Yoast SEO plugin. -->","yoast_head_json":{"title":"Vertrieb von kosmetischen & pharmazeutischen Produkten - Azoren","description":"Oliveira Leit\u00e3o & Pena S.A. vertreibt pharmazeutische und kosmetische Produkte auf allen Inseln der Azoren.","robots":{"index":"index","follow":"follow","max-snippet":"max-snippet:-1","max-image-preview":"max-image-preview:large","max-video-preview":"max-video-preview:-1"},"canonical":"https:\/\/olpsa.pt\/de\/mission-vision-und-werte\/","og_locale":"de_DE","og_type":"article","og_title":"Vertrieb von kosmetischen & pharmazeutischen Produkten - Azoren","og_description":"Oliveira Leit\u00e3o & Pena S.A. vertreibt pharmazeutische und kosmetische Produkte auf allen Inseln der Azoren.","og_url":"https:\/\/olpsa.pt\/de\/mission-vision-und-werte\/","og_site_name":"Oliveira Leit\u00e3o &amp; Pena S.A.","article_publisher":"https:\/\/www.facebook.com\/oliveiraleitaopena","article_modified_time":"2023-06-12T16:29:05+00:00","og_image":[{"width":2560,"height":1707,"url":"https:\/\/olpsa.pt\/wp-content\/uploads\/2023\/05\/dsc05403-scaled.jpg","type":"image\/jpeg"}],"twitter_card":"summary_large_image","twitter_site":"@Olp_s_a","twitter_misc":{"Est. reading time":"1 Minute"},"schema":{"@context":"https:\/\/schema.org","@graph":[{"@type":"WebPage","@id":"https:\/\/olpsa.pt\/de\/mission-vision-und-werte\/","url":"https:\/\/olpsa.pt\/de\/mission-vision-und-werte\/","name":"Vertrieb von kosmetischen & pharmazeutischen Produkten - Azoren","isPartOf":{"@id":"https:\/\/olpsa.pt\/#website"},"datePublished":"2023-03-31T12:45:57+00:00","dateModified":"2023-06-12T16:29:05+00:00","description":"Oliveira Leit\u00e3o & Pena S.A. vertreibt pharmazeutische und kosmetische Produkte auf allen Inseln der Azoren.","breadcrumb":{"@id":"https:\/\/olpsa.pt\/de\/mission-vision-und-werte\/#breadcrumb"},"inLanguage":"de-DE","potentialAction":[{"@type":"ReadAction","target":["https:\/\/olpsa.pt\/de\/mission-vision-und-werte\/"]}]},{"@type":"BreadcrumbList","@id":"https:\/\/olpsa.pt\/de\/mission-vision-und-werte\/#breadcrumb","itemListElement":[{"@type":"ListItem","position":1,"name":"Home","item":"https:\/\/olpsa.pt\/"},{"@type":"ListItem","position":2,"name":"Mission, Vision und Werte"}]},{"@type":"WebSite","@id":"https:\/\/olpsa.pt\/#website","url":"https:\/\/olpsa.pt\/","name":"Oliveira Leit\u00e3o &amp; Pena S.A.","description":"","publisher":{"@id":"https:\/\/olpsa.pt\/#organization"},"potentialAction":[{"@type":"SearchAction","target":{"@type":"EntryPoint","urlTemplate":"https:\/\/olpsa.pt\/?s={search_term_string}"},"query-input":"required name=search_term_string"}],"inLanguage":"de-DE"},{"@type":"Organization","@id":"https:\/\/olpsa.pt\/#organization","name":"Oliveira Leit\u00e3o &amp; Pena S.A.","url":"https:\/\/olpsa.pt\/","logo":{"@type":"ImageObject","inLanguage":"de-DE","@id":"https:\/\/olpsa.pt\/#\/schema\/logo\/image\/","url":"https:\/\/olpsa.pt\/wp-content\/uploads\/2023\/03\/logo-rodape.png","contentUrl":"https:\/\/olpsa.pt\/wp-content\/uploads\/2023\/03\/logo-rodape.png","width":294,"height":98,"caption":"Oliveira Leit\u00e3o &amp; Pena S.A."},"image":{"@id":"https:\/\/olpsa.pt\/#\/schema\/logo\/image\/"},"sameAs":["https:\/\/www.facebook.com\/oliveiraleitaopena","https:\/\/twitter.com\/Olp_s_a","https:\/\/www.instagram.com\/oliveira.leitao.pena.sa\/"]}]}},"_links":{"self":[{"href":"https:\/\/olpsa.pt\/de\/wp-json\/wp\/v2\/pages\/2254"}],"collection":[{"href":"https:\/\/olpsa.pt\/de\/wp-json\/wp\/v2\/pages"}],"about":[{"href":"https:\/\/olpsa.pt\/de\/wp-json\/wp\/v2\/types\/page"}],"author":[{"embeddable":true,"href":"https:\/\/olpsa.pt\/de\/wp-json\/wp\/v2\/users\/1"}],"replies":[{"embeddable":true,"href":"https:\/\/olpsa.pt\/de\/wp-json\/wp\/v2\/comments?post=2254"}],"version-history":[{"count":9,"href":"https:\/\/olpsa.pt\/de\/wp-json\/wp\/v2\/pages\/2254\/revisions"}],"predecessor-version":[{"id":3295,"href":"https:\/\/olpsa.pt\/de\/wp-json\/wp\/v2\/pages\/2254\/revisions\/3295"}],"wp:featuredmedia":[{"embeddable":true,"href":"https:\/\/olpsa.pt\/de\/wp-json\/wp\/v2\/media\/1886"}],"wp:attachment":[{"href":"https:\/\/olpsa.pt\/de\/wp-json\/wp\/v2\/media?parent=2254"}],"curies":[{"name":"wp","href":"https:\/\/api.w.org\/{rel}","templated":true}]}}