{"id":2333,"date":"2023-03-31T13:45:20","date_gmt":"2023-03-31T12:45:20","guid":{"rendered":"https:\/\/olpsa.pt\/geschichte\/"},"modified":"2023-06-13T09:45:50","modified_gmt":"2023-06-13T08:45:50","slug":"geschichte","status":"publish","type":"page","link":"https:\/\/olpsa.pt\/de\/geschichte\/","title":{"rendered":"Geschichte"},"content":{"rendered":"\t\t<div data-elementor-type=\"wp-page\" data-elementor-id=\"2333\" class=\"elementor elementor-2333 elementor-17\">\n\t\t\t\t\t\t\t<div class=\"elementor-element elementor-element-199f8d0 e-con-full e-flex e-con\" data-id=\"199f8d0\" data-element_type=\"container\" data-settings=\"{&quot;content_width&quot;:&quot;full&quot;,&quot;background_background&quot;:&quot;classic&quot;}\" data-e-bg-lazyload=\"\">\n\t\t\t\t<div class=\"elementor-element elementor-element-a616db2 elementor-widget elementor-widget-heading\" data-id=\"a616db2\" data-element_type=\"widget\" data-widget_type=\"heading.default\">\n\t\t\t\t<div class=\"elementor-widget-container\">\n\t\t\t<style>\/*! elementor - v3.13.3 - 28-05-2023 *\/\n.elementor-heading-title{padding:0;margin:0;line-height:1}.elementor-widget-heading .elementor-heading-title[class*=elementor-size-]>a{color:inherit;font-size:inherit;line-height:inherit}.elementor-widget-heading .elementor-heading-title.elementor-size-small{font-size:15px}.elementor-widget-heading .elementor-heading-title.elementor-size-medium{font-size:19px}.elementor-widget-heading .elementor-heading-title.elementor-size-large{font-size:29px}.elementor-widget-heading .elementor-heading-title.elementor-size-xl{font-size:39px}.elementor-widget-heading .elementor-heading-title.elementor-size-xxl{font-size:59px}<\/style><h2 class=\"elementor-heading-title elementor-size-default\">Geschichte<\/h2>\t\t<\/div>\n\t\t\t\t<\/div>\n\t\t\t\t<\/div>\n\t\t<div class=\"elementor-element elementor-element-b70440a e-con-boxed e-flex e-con\" data-id=\"b70440a\" data-element_type=\"container\" data-settings=\"{&quot;content_width&quot;:&quot;boxed&quot;}\">\n\t\t\t\t\t<div class=\"e-con-inner\">\n\t\t\t\t<div class=\"elementor-element elementor-element-bad66d6 elementor-widget elementor-widget-heading\" data-id=\"bad66d6\" data-element_type=\"widget\" data-widget_type=\"heading.default\">\n\t\t\t\t<div class=\"elementor-widget-container\">\n\t\t\t<h2 class=\"elementor-heading-title elementor-size-default\">Oliveira Leit\u00e3o e Pena, Lda<\/h2>\t\t<\/div>\n\t\t\t\t<\/div>\n\t\t\t\t<div class=\"elementor-element elementor-element-3428387 elementor-widget elementor-widget-text-editor\" data-id=\"3428387\" data-element_type=\"widget\" data-widget_type=\"text-editor.default\">\n\t\t\t\t<div class=\"elementor-widget-container\">\n\t\t\t<style>\/*! elementor - v3.13.3 - 28-05-2023 *\/\n.elementor-widget-text-editor.elementor-drop-cap-view-stacked .elementor-drop-cap{background-color:#69727d;color:#fff}.elementor-widget-text-editor.elementor-drop-cap-view-framed .elementor-drop-cap{color:#69727d;border:3px solid;background-color:transparent}.elementor-widget-text-editor:not(.elementor-drop-cap-view-default) .elementor-drop-cap{margin-top:8px}.elementor-widget-text-editor:not(.elementor-drop-cap-view-default) .elementor-drop-cap-letter{width:1em;height:1em}.elementor-widget-text-editor .elementor-drop-cap{float:left;text-align:center;line-height:1;font-size:50px}.elementor-widget-text-editor .elementor-drop-cap-letter{display:inline-block}<\/style>\t\t\t\t<p style=\"font-weight: 400;\">Das Unternehmen wurde 1958 von Ant\u00f3nio Oliveira Leit\u00e3o gegr\u00fcndet. Nach einer Umstrukturierung und Expansion wurde sie 1985 in Sociedade por Quotas umbenannt und nahm den Firmennamen Oliveira Leit\u00e3o &amp;; Pena, Lda an. Im Juli 2001 wurde sie in eine Aktiengesellschaft umgewandelt und in Oliveira Leit\u00e3o &amp;; Pena, S.A. umbenannt. Sie verf\u00fcgt \u00fcber ein Stammkapital von 600.000 Euro.<\/p>\n<p style=\"font-weight: 400;\">Das Olivenferkel &amp; Feder. S.A. ist ein Unternehmen, das sich auf den pharmazeutischen Sektor spezialisiert hat, in seinen Gemeinde- und Krankenhausaspekten, mit langj\u00e4hriger Erfahrung im Verkaufsbereich, mit einem kaufm\u00e4nnischen Team, das sich um seine Kunden k\u00fcmmert.<\/p>\n\t\t\t\t\t\t<\/div>\n\t\t\t\t<\/div>\n\t\t\t\t<div class=\"elementor-element elementor-element-565710e linhavertical elementor-widget-divider--view-line elementor-widget elementor-widget-divider\" data-id=\"565710e\" data-element_type=\"widget\" data-widget_type=\"divider.default\">\n\t\t\t\t<div class=\"elementor-widget-container\">\n\t\t\t<style>\/*! elementor - v3.13.3 - 28-05-2023 *\/\n.elementor-widget-divider{--divider-border-style:none;--divider-border-width:1px;--divider-color:#0c0d0e;--divider-icon-size:20px;--divider-element-spacing:10px;--divider-pattern-height:24px;--divider-pattern-size:20px;--divider-pattern-url:none;--divider-pattern-repeat:repeat-x}.elementor-widget-divider .elementor-divider{display:flex}.elementor-widget-divider .elementor-divider__text{font-size:15px;line-height:1;max-width:95%}.elementor-widget-divider .elementor-divider__element{margin:0 var(--divider-element-spacing);flex-shrink:0}.elementor-widget-divider .elementor-icon{font-size:var(--divider-icon-size)}.elementor-widget-divider .elementor-divider-separator{display:flex;margin:0;direction:ltr}.elementor-widget-divider--view-line_icon .elementor-divider-separator,.elementor-widget-divider--view-line_text .elementor-divider-separator{align-items:center}.elementor-widget-divider--view-line_icon .elementor-divider-separator:after,.elementor-widget-divider--view-line_icon .elementor-divider-separator:before,.elementor-widget-divider--view-line_text .elementor-divider-separator:after,.elementor-widget-divider--view-line_text .elementor-divider-separator:before{display:block;content:\"\";border-bottom:0;flex-grow:1;border-top:var(--divider-border-width) var(--divider-border-style) var(--divider-color)}.elementor-widget-divider--element-align-left .elementor-divider .elementor-divider-separator>.elementor-divider__svg:first-of-type{flex-grow:0;flex-shrink:100}.elementor-widget-divider--element-align-left .elementor-divider-separator:before{content:none}.elementor-widget-divider--element-align-left .elementor-divider__element{margin-left:0}.elementor-widget-divider--element-align-right .elementor-divider .elementor-divider-separator>.elementor-divider__svg:last-of-type{flex-grow:0;flex-shrink:100}.elementor-widget-divider--element-align-right .elementor-divider-separator:after{content:none}.elementor-widget-divider--element-align-right .elementor-divider__element{margin-right:0}.elementor-widget-divider:not(.elementor-widget-divider--view-line_text):not(.elementor-widget-divider--view-line_icon) .elementor-divider-separator{border-top:var(--divider-border-width) var(--divider-border-style) var(--divider-color)}.elementor-widget-divider--separator-type-pattern{--divider-border-style:none}.elementor-widget-divider--separator-type-pattern.elementor-widget-divider--view-line .elementor-divider-separator,.elementor-widget-divider--separator-type-pattern:not(.elementor-widget-divider--view-line) .elementor-divider-separator:after,.elementor-widget-divider--separator-type-pattern:not(.elementor-widget-divider--view-line) .elementor-divider-separator:before,.elementor-widget-divider--separator-type-pattern:not([class*=elementor-widget-divider--view]) .elementor-divider-separator{width:100%;min-height:var(--divider-pattern-height);-webkit-mask-size:var(--divider-pattern-size) 100%;mask-size:var(--divider-pattern-size) 100%;-webkit-mask-repeat:var(--divider-pattern-repeat);mask-repeat:var(--divider-pattern-repeat);background-color:var(--divider-color);-webkit-mask-image:var(--divider-pattern-url);mask-image:var(--divider-pattern-url)}.elementor-widget-divider--no-spacing{--divider-pattern-size:auto}.elementor-widget-divider--bg-round{--divider-pattern-repeat:round}.rtl .elementor-widget-divider .elementor-divider__text{direction:rtl}.e-con-inner>.elementor-widget-divider,.e-con>.elementor-widget-divider{width:var(--container-widget-width,100%);--flex-grow:var(--container-widget-flex-grow)}<\/style>\t\t<div class=\"elementor-divider\">\n\t\t\t<span class=\"elementor-divider-separator\">\n\t\t\t\t\t\t<\/span>\n\t\t<\/div>\n\t\t\t\t<\/div>\n\t\t\t\t<\/div>\n\t\t\t\t\t<\/div>\n\t\t\t\t<\/div>\n\t\t<div class=\"elementor-element elementor-element-0afc955 e-con-boxed e-flex e-con\" data-id=\"0afc955\" data-element_type=\"container\" data-settings=\"{&quot;content_width&quot;:&quot;boxed&quot;}\">\n\t\t\t\t\t<div class=\"e-con-inner\">\n\t\t\t\t<div class=\"elementor-element elementor-element-1fbd605 elementor-widget elementor-widget-text-editor\" data-id=\"1fbd605\" data-element_type=\"widget\" data-widget_type=\"text-editor.default\">\n\t\t\t\t<div class=\"elementor-widget-container\">\n\t\t\t\t\t\t\t<p style=\"font-weight: 400;\">Das Unternehmen hat stark in seine Umstrukturierung und Modernisierung investiert, um die Qualit\u00e4t der Dienstleistungen f\u00fcr seine Kunden zu verbessern. Im Laufe des Jahres 2007 wurde eine funktionale Umstrukturierung durchgef\u00fchrt und der Zertifizierungsprozess des Qualit\u00e4tsmanagementsystems abgeschlossen. <strong>Sein <\/strong>zurzeit<strong> das einzige pharmazeutische Vertriebsunternehmen der Zentralgruppe des Azoren-Archipels, das nach NP EN ISO 9001:2015 zertifiziert ist, <\/strong>ausgestellt von der Zertifizierungsstelle <strong>T\u00dcV RHEINLAND PORTUGAL, Lda<\/strong>.<\/p>\n\t\t\t\t\t\t<\/div>\n\t\t\t\t<\/div>\n\t\t\t\t<div class=\"elementor-element elementor-element-738b074 elementor-widget elementor-widget-image-carousel\" data-id=\"738b074\" data-element_type=\"widget\" data-settings=\"{&quot;slides_to_show&quot;:&quot;3&quot;,&quot;slides_to_scroll&quot;:&quot;3&quot;,&quot;navigation&quot;:&quot;none&quot;,&quot;autoplay&quot;:&quot;yes&quot;,&quot;pause_on_hover&quot;:&quot;yes&quot;,&quot;pause_on_interaction&quot;:&quot;yes&quot;,&quot;autoplay_speed&quot;:5000,&quot;infinite&quot;:&quot;yes&quot;,&quot;speed&quot;:500,&quot;image_spacing_custom&quot;:{&quot;unit&quot;:&quot;px&quot;,&quot;size&quot;:20,&quot;sizes&quot;:[]},&quot;image_spacing_custom_widescreen&quot;:{&quot;unit&quot;:&quot;px&quot;,&quot;size&quot;:&quot;&quot;,&quot;sizes&quot;:[]},&quot;image_spacing_custom_laptop&quot;:{&quot;unit&quot;:&quot;px&quot;,&quot;size&quot;:&quot;&quot;,&quot;sizes&quot;:[]},&quot;image_spacing_custom_tablet_extra&quot;:{&quot;unit&quot;:&quot;px&quot;,&quot;size&quot;:&quot;&quot;,&quot;sizes&quot;:[]},&quot;image_spacing_custom_tablet&quot;:{&quot;unit&quot;:&quot;px&quot;,&quot;size&quot;:&quot;&quot;,&quot;sizes&quot;:[]},&quot;image_spacing_custom_mobile_extra&quot;:{&quot;unit&quot;:&quot;px&quot;,&quot;size&quot;:&quot;&quot;,&quot;sizes&quot;:[]},&quot;image_spacing_custom_mobile&quot;:{&quot;unit&quot;:&quot;px&quot;,&quot;size&quot;:&quot;&quot;,&quot;sizes&quot;:[]}}\" data-widget_type=\"image-carousel.default\">\n\t\t\t\t<div class=\"elementor-widget-container\">\n\t\t\t<style>\/*! elementor - v3.13.3 - 28-05-2023 *\/\n.elementor-widget-image-carousel .swiper,.elementor-widget-image-carousel .swiper-container{position:static}.elementor-widget-image-carousel .swiper-container .swiper-slide figure,.elementor-widget-image-carousel .swiper .swiper-slide figure{line-height:inherit}.elementor-widget-image-carousel .swiper-slide{text-align:center}.elementor-image-carousel-wrapper:not(.swiper-container-initialized):not(.swiper-initialized) .swiper-slide{max-width:calc(100% \/ var(--e-image-carousel-slides-to-show, 3))}<\/style>\t\t<div class=\"elementor-image-carousel-wrapper swiper\" dir=\"ltr\">\n\t\t\t<div class=\"elementor-image-carousel swiper-wrapper\">\n\t\t\t\t\t\t\t\t<div class=\"swiper-slide\"><figure class=\"swiper-slide-inner\"><img decoding=\"async\" class=\"swiper-slide-image\" src=\"https:\/\/olpsa.pt\/wp-content\/uploads\/2023\/05\/dsc04145-arw-dxo-prime-768x512.jpg\" alt=\"DSC04145-ARW_DxO_PRIME\" \/><\/figure><\/div><div class=\"swiper-slide\"><figure class=\"swiper-slide-inner\"><img decoding=\"async\" class=\"swiper-slide-image\" src=\"https:\/\/olpsa.pt\/wp-content\/uploads\/2023\/05\/dsc04265-arw-dxo-prime-768x512.jpg\" alt=\"DSC04265-ARW_DxO_PRIME\" \/><\/figure><\/div><div class=\"swiper-slide\"><figure class=\"swiper-slide-inner\"><img decoding=\"async\" class=\"swiper-slide-image\" src=\"https:\/\/olpsa.pt\/wp-content\/uploads\/2023\/05\/dsc03764-arw-dxo-prime-768x512.jpg\" alt=\"DSC03764-ARW_DxO_PRIME\" \/><\/figure><\/div><div class=\"swiper-slide\"><figure class=\"swiper-slide-inner\"><img decoding=\"async\" class=\"swiper-slide-image\" src=\"https:\/\/olpsa.pt\/wp-content\/uploads\/2023\/05\/dsc05443-768x512.jpg\" alt=\"empresas de distribui\u00e7\u00e3o de medicamentos\" \/><\/figure><\/div><div class=\"swiper-slide\"><figure class=\"swiper-slide-inner\"><img decoding=\"async\" class=\"swiper-slide-image\" src=\"https:\/\/olpsa.pt\/wp-content\/uploads\/2023\/05\/dsc05413-768x512.jpg\" alt=\"DSC05413\" \/><\/figure><\/div>\t\t\t<\/div>\n\t\t\t\t\t\t\t\t\t\t\t\t\t\t\t\t<\/div>\n\t\t\t\t<\/div>\n\t\t\t\t<\/div>\n\t\t\t\t<div class=\"elementor-element elementor-element-20c1dc1 linhavertical elementor-widget-divider--view-line elementor-widget elementor-widget-divider\" data-id=\"20c1dc1\" data-element_type=\"widget\" data-widget_type=\"divider.default\">\n\t\t\t\t<div class=\"elementor-widget-container\">\n\t\t\t\t\t<div class=\"elementor-divider\">\n\t\t\t<span class=\"elementor-divider-separator\">\n\t\t\t\t\t\t<\/span>\n\t\t<\/div>\n\t\t\t\t<\/div>\n\t\t\t\t<\/div>\n\t\t\t\t\t<\/div>\n\t\t\t\t<\/div>\n\t\t<div class=\"elementor-element elementor-element-2a7ef6c e-con-boxed e-flex e-con\" data-id=\"2a7ef6c\" data-element_type=\"container\" data-settings=\"{&quot;content_width&quot;:&quot;boxed&quot;}\">\n\t\t\t\t\t<div class=\"e-con-inner\">\n\t\t\t\t<div class=\"elementor-element elementor-element-063e6e6 elementor-widget elementor-widget-text-editor\" data-id=\"063e6e6\" data-element_type=\"widget\" data-widget_type=\"text-editor.default\">\n\t\t\t\t<div class=\"elementor-widget-container\">\n\t\t\t\t\t\t\t<p style=\"font-weight: 400;\">Das Unternehmen hat eine privilegierte Lage in der Stadt Angra do Hero\u00edsmo, wo es seinen Hauptsitz und sein Lager hat. Im Jahr 2014 wird im Rahmen der Expansionsstrategie ein neues Lager auf der Insel S\u00e3o Miguel er\u00f6ffnet, das k\u00fcrzlich von der Firma Picofarma Lda \u00fcbernommen wurde. auf der Insel Pico. Mit dieser Akquisition ist Oliveira Leit\u00e3o &amp;; Pena S.A. das Unternehmen im Gro\u00dfhandel mit Arzneimitteln auf den Azoren mit der gr\u00f6\u00dften geografischen Abdeckung.<\/p>\n<p style=\"font-weight: 400;\">Das Jahr 2022 markiert den Beginn des Baus eines neuen Lagers auf der Insel Terceira. Dieses Lager wird eine weitere Kapazit\u00e4t bieten, um auf die Anforderungen von Kunden und Lieferanten zu reagieren.<\/p>\n\t\t\t\t\t\t<\/div>\n\t\t\t\t<\/div>\n\t\t\t\t<div class=\"elementor-element elementor-element-f5e11ea elementor-widget elementor-widget-image-carousel\" data-id=\"f5e11ea\" data-element_type=\"widget\" data-settings=\"{&quot;slides_to_show&quot;:&quot;3&quot;,&quot;slides_to_scroll&quot;:&quot;3&quot;,&quot;navigation&quot;:&quot;none&quot;,&quot;autoplay&quot;:&quot;yes&quot;,&quot;pause_on_hover&quot;:&quot;yes&quot;,&quot;pause_on_interaction&quot;:&quot;yes&quot;,&quot;autoplay_speed&quot;:5000,&quot;infinite&quot;:&quot;yes&quot;,&quot;speed&quot;:500,&quot;image_spacing_custom&quot;:{&quot;unit&quot;:&quot;px&quot;,&quot;size&quot;:20,&quot;sizes&quot;:[]},&quot;image_spacing_custom_widescreen&quot;:{&quot;unit&quot;:&quot;px&quot;,&quot;size&quot;:&quot;&quot;,&quot;sizes&quot;:[]},&quot;image_spacing_custom_laptop&quot;:{&quot;unit&quot;:&quot;px&quot;,&quot;size&quot;:&quot;&quot;,&quot;sizes&quot;:[]},&quot;image_spacing_custom_tablet_extra&quot;:{&quot;unit&quot;:&quot;px&quot;,&quot;size&quot;:&quot;&quot;,&quot;sizes&quot;:[]},&quot;image_spacing_custom_tablet&quot;:{&quot;unit&quot;:&quot;px&quot;,&quot;size&quot;:&quot;&quot;,&quot;sizes&quot;:[]},&quot;image_spacing_custom_mobile_extra&quot;:{&quot;unit&quot;:&quot;px&quot;,&quot;size&quot;:&quot;&quot;,&quot;sizes&quot;:[]},&quot;image_spacing_custom_mobile&quot;:{&quot;unit&quot;:&quot;px&quot;,&quot;size&quot;:&quot;&quot;,&quot;sizes&quot;:[]}}\" data-widget_type=\"image-carousel.default\">\n\t\t\t\t<div class=\"elementor-widget-container\">\n\t\t\t\t\t<div class=\"elementor-image-carousel-wrapper swiper\" dir=\"ltr\">\n\t\t\t<div class=\"elementor-image-carousel swiper-wrapper\">\n\t\t\t\t\t\t\t\t<div class=\"swiper-slide\"><figure class=\"swiper-slide-inner\"><img decoding=\"async\" class=\"swiper-slide-image\" src=\"https:\/\/olpsa.pt\/wp-content\/uploads\/2023\/05\/dji-0352-768x512.jpg\" alt=\"DJI_0352\" \/><\/figure><\/div><div class=\"swiper-slide\"><figure class=\"swiper-slide-inner\"><img decoding=\"async\" class=\"swiper-slide-image\" src=\"https:\/\/olpsa.pt\/wp-content\/uploads\/2023\/05\/dsc05550-768x512.jpg\" alt=\"DSC05550\" \/><\/figure><\/div><div class=\"swiper-slide\"><figure class=\"swiper-slide-inner\"><img decoding=\"async\" class=\"swiper-slide-image\" src=\"https:\/\/olpsa.pt\/wp-content\/uploads\/2023\/05\/dsc05346-768x512.jpg\" alt=\"produtos hospitalares\" \/><\/figure><\/div><div class=\"swiper-slide\"><figure class=\"swiper-slide-inner\"><img decoding=\"async\" class=\"swiper-slide-image\" src=\"https:\/\/olpsa.pt\/wp-content\/uploads\/2023\/05\/dsc05445-768x512.jpg\" alt=\"DSC05445\" \/><\/figure><\/div>\t\t\t<\/div>\n\t\t\t\t\t\t\t\t\t\t\t\t\t\t\t\t<\/div>\n\t\t\t\t<\/div>\n\t\t\t\t<\/div>\n\t\t\t\t\t<\/div>\n\t\t\t\t<\/div>\n\t\t\t\t\t\t\t<\/div>\n\t\t","protected":false},"excerpt":{"rendered":"<p>Geschichte Oliveira Leit\u00e3o e Pena, Lda Das Unternehmen wurde 1958 von Ant\u00f3nio Oliveira Leit\u00e3o gegr\u00fcndet. Nach einer Umstrukturierung und Expansion wurde sie 1985 in Sociedade por Quotas umbenannt und nahm den Firmennamen Oliveira Leit\u00e3o &amp;; Pena, Lda an. Im Juli 2001 wurde sie in eine Aktiengesellschaft umgewandelt und in Oliveira Leit\u00e3o &amp;; Pena, S.A. umbenannt. [&hellip;]<\/p>\n","protected":false},"author":1,"featured_media":0,"parent":0,"menu_order":0,"comment_status":"closed","ping_status":"closed","template":"elementor_header_footer","meta":[],"acf":[],"yoast_head":"<!-- This site is optimized with the Yoast SEO plugin v20.9 - https:\/\/yoast.com\/wordpress\/plugins\/seo\/ -->\n<title>Vertrieb von Arzneimitteln auf den Azoren | Oliveira Leit\u00e3o &amp; Pena<\/title>\n<meta name=\"description\" content=\"Oliveira Leit\u00e3o e Pena S.A. ist ein auf den Vertrieb von Arzneimitteln auf den Azoren spezialisiertes Unternehmen.\" \/>\n<meta name=\"robots\" content=\"index, follow, max-snippet:-1, max-image-preview:large, max-video-preview:-1\" \/>\n<link rel=\"canonical\" href=\"https:\/\/olpsa.pt\/de\/geschichte\/\" \/>\n<meta property=\"og:locale\" content=\"de_DE\" \/>\n<meta property=\"og:type\" content=\"article\" \/>\n<meta property=\"og:title\" content=\"Vertrieb von Arzneimitteln auf den Azoren | Oliveira Leit\u00e3o &amp; Pena\" \/>\n<meta property=\"og:description\" content=\"Oliveira Leit\u00e3o e Pena S.A. ist ein auf den Vertrieb von Arzneimitteln auf den Azoren spezialisiertes Unternehmen.\" \/>\n<meta property=\"og:url\" content=\"https:\/\/olpsa.pt\/de\/geschichte\/\" \/>\n<meta property=\"og:site_name\" content=\"Oliveira Leit\u00e3o &amp; Pena S.A.\" \/>\n<meta property=\"article:publisher\" content=\"https:\/\/www.facebook.com\/oliveiraleitaopena\" \/>\n<meta property=\"article:modified_time\" content=\"2023-06-13T08:45:50+00:00\" \/>\n<meta property=\"og:image\" content=\"https:\/\/olpsa.pt\/wp-content\/uploads\/2023\/05\/dsc04145-arw-dxo-prime-768x512.jpg\" \/>\n<meta name=\"twitter:card\" content=\"summary_large_image\" \/>\n<meta name=\"twitter:site\" content=\"@Olp_s_a\" \/>\n<meta name=\"twitter:label1\" content=\"Est. reading time\" \/>\n\t<meta name=\"twitter:data1\" content=\"4 Minuten\" \/>\n<script type=\"application\/ld+json\" class=\"yoast-schema-graph\">{\"@context\":\"https:\/\/schema.org\",\"@graph\":[{\"@type\":\"WebPage\",\"@id\":\"https:\/\/olpsa.pt\/de\/geschichte\/\",\"url\":\"https:\/\/olpsa.pt\/de\/geschichte\/\",\"name\":\"Vertrieb von Arzneimitteln auf den Azoren | Oliveira Leit\u00e3o & Pena\",\"isPartOf\":{\"@id\":\"https:\/\/olpsa.pt\/#website\"},\"datePublished\":\"2023-03-31T12:45:20+00:00\",\"dateModified\":\"2023-06-13T08:45:50+00:00\",\"description\":\"Oliveira Leit\u00e3o e Pena S.A. ist ein auf den Vertrieb von Arzneimitteln auf den Azoren spezialisiertes Unternehmen.\",\"breadcrumb\":{\"@id\":\"https:\/\/olpsa.pt\/de\/geschichte\/#breadcrumb\"},\"inLanguage\":\"de-DE\",\"potentialAction\":[{\"@type\":\"ReadAction\",\"target\":[\"https:\/\/olpsa.pt\/de\/geschichte\/\"]}]},{\"@type\":\"BreadcrumbList\",\"@id\":\"https:\/\/olpsa.pt\/de\/geschichte\/#breadcrumb\",\"itemListElement\":[{\"@type\":\"ListItem\",\"position\":1,\"name\":\"Home\",\"item\":\"https:\/\/olpsa.pt\/\"},{\"@type\":\"ListItem\",\"position\":2,\"name\":\"Geschichte\"}]},{\"@type\":\"WebSite\",\"@id\":\"https:\/\/olpsa.pt\/#website\",\"url\":\"https:\/\/olpsa.pt\/\",\"name\":\"Oliveira Leit\u00e3o &amp; Pena S.A.\",\"description\":\"\",\"publisher\":{\"@id\":\"https:\/\/olpsa.pt\/#organization\"},\"potentialAction\":[{\"@type\":\"SearchAction\",\"target\":{\"@type\":\"EntryPoint\",\"urlTemplate\":\"https:\/\/olpsa.pt\/?s={search_term_string}\"},\"query-input\":\"required name=search_term_string\"}],\"inLanguage\":\"de-DE\"},{\"@type\":\"Organization\",\"@id\":\"https:\/\/olpsa.pt\/#organization\",\"name\":\"Oliveira Leit\u00e3o &amp; Pena S.A.\",\"url\":\"https:\/\/olpsa.pt\/\",\"logo\":{\"@type\":\"ImageObject\",\"inLanguage\":\"de-DE\",\"@id\":\"https:\/\/olpsa.pt\/#\/schema\/logo\/image\/\",\"url\":\"https:\/\/olpsa.pt\/wp-content\/uploads\/2023\/03\/logo-rodape.png\",\"contentUrl\":\"https:\/\/olpsa.pt\/wp-content\/uploads\/2023\/03\/logo-rodape.png\",\"width\":294,\"height\":98,\"caption\":\"Oliveira Leit\u00e3o &amp; Pena S.A.\"},\"image\":{\"@id\":\"https:\/\/olpsa.pt\/#\/schema\/logo\/image\/\"},\"sameAs\":[\"https:\/\/www.facebook.com\/oliveiraleitaopena\",\"https:\/\/twitter.com\/Olp_s_a\",\"https:\/\/www.instagram.com\/oliveira.leitao.pena.sa\/\"]}]}<\/script>\n<!-- \/ Yoast SEO plugin. -->","yoast_head_json":{"title":"Vertrieb von Arzneimitteln auf den Azoren | Oliveira Leit\u00e3o & Pena","description":"Oliveira Leit\u00e3o e Pena S.A. ist ein auf den Vertrieb von Arzneimitteln auf den Azoren spezialisiertes Unternehmen.","robots":{"index":"index","follow":"follow","max-snippet":"max-snippet:-1","max-image-preview":"max-image-preview:large","max-video-preview":"max-video-preview:-1"},"canonical":"https:\/\/olpsa.pt\/de\/geschichte\/","og_locale":"de_DE","og_type":"article","og_title":"Vertrieb von Arzneimitteln auf den Azoren | Oliveira Leit\u00e3o & Pena","og_description":"Oliveira Leit\u00e3o e Pena S.A. ist ein auf den Vertrieb von Arzneimitteln auf den Azoren spezialisiertes Unternehmen.","og_url":"https:\/\/olpsa.pt\/de\/geschichte\/","og_site_name":"Oliveira Leit\u00e3o &amp; Pena S.A.","article_publisher":"https:\/\/www.facebook.com\/oliveiraleitaopena","article_modified_time":"2023-06-13T08:45:50+00:00","og_image":[{"url":"https:\/\/olpsa.pt\/wp-content\/uploads\/2023\/05\/dsc04145-arw-dxo-prime-768x512.jpg"}],"twitter_card":"summary_large_image","twitter_site":"@Olp_s_a","twitter_misc":{"Est. reading time":"4 Minuten"},"schema":{"@context":"https:\/\/schema.org","@graph":[{"@type":"WebPage","@id":"https:\/\/olpsa.pt\/de\/geschichte\/","url":"https:\/\/olpsa.pt\/de\/geschichte\/","name":"Vertrieb von Arzneimitteln auf den Azoren | Oliveira Leit\u00e3o & Pena","isPartOf":{"@id":"https:\/\/olpsa.pt\/#website"},"datePublished":"2023-03-31T12:45:20+00:00","dateModified":"2023-06-13T08:45:50+00:00","description":"Oliveira Leit\u00e3o e Pena S.A. ist ein auf den Vertrieb von Arzneimitteln auf den Azoren spezialisiertes Unternehmen.","breadcrumb":{"@id":"https:\/\/olpsa.pt\/de\/geschichte\/#breadcrumb"},"inLanguage":"de-DE","potentialAction":[{"@type":"ReadAction","target":["https:\/\/olpsa.pt\/de\/geschichte\/"]}]},{"@type":"BreadcrumbList","@id":"https:\/\/olpsa.pt\/de\/geschichte\/#breadcrumb","itemListElement":[{"@type":"ListItem","position":1,"name":"Home","item":"https:\/\/olpsa.pt\/"},{"@type":"ListItem","position":2,"name":"Geschichte"}]},{"@type":"WebSite","@id":"https:\/\/olpsa.pt\/#website","url":"https:\/\/olpsa.pt\/","name":"Oliveira Leit\u00e3o &amp; Pena S.A.","description":"","publisher":{"@id":"https:\/\/olpsa.pt\/#organization"},"potentialAction":[{"@type":"SearchAction","target":{"@type":"EntryPoint","urlTemplate":"https:\/\/olpsa.pt\/?s={search_term_string}"},"query-input":"required name=search_term_string"}],"inLanguage":"de-DE"},{"@type":"Organization","@id":"https:\/\/olpsa.pt\/#organization","name":"Oliveira Leit\u00e3o &amp; Pena S.A.","url":"https:\/\/olpsa.pt\/","logo":{"@type":"ImageObject","inLanguage":"de-DE","@id":"https:\/\/olpsa.pt\/#\/schema\/logo\/image\/","url":"https:\/\/olpsa.pt\/wp-content\/uploads\/2023\/03\/logo-rodape.png","contentUrl":"https:\/\/olpsa.pt\/wp-content\/uploads\/2023\/03\/logo-rodape.png","width":294,"height":98,"caption":"Oliveira Leit\u00e3o &amp; Pena S.A."},"image":{"@id":"https:\/\/olpsa.pt\/#\/schema\/logo\/image\/"},"sameAs":["https:\/\/www.facebook.com\/oliveiraleitaopena","https:\/\/twitter.com\/Olp_s_a","https:\/\/www.instagram.com\/oliveira.leitao.pena.sa\/"]}]}},"_links":{"self":[{"href":"https:\/\/olpsa.pt\/de\/wp-json\/wp\/v2\/pages\/2333"}],"collection":[{"href":"https:\/\/olpsa.pt\/de\/wp-json\/wp\/v2\/pages"}],"about":[{"href":"https:\/\/olpsa.pt\/de\/wp-json\/wp\/v2\/types\/page"}],"author":[{"embeddable":true,"href":"https:\/\/olpsa.pt\/de\/wp-json\/wp\/v2\/users\/1"}],"replies":[{"embeddable":true,"href":"https:\/\/olpsa.pt\/de\/wp-json\/wp\/v2\/comments?post=2333"}],"version-history":[{"count":3,"href":"https:\/\/olpsa.pt\/de\/wp-json\/wp\/v2\/pages\/2333\/revisions"}],"predecessor-version":[{"id":3324,"href":"https:\/\/olpsa.pt\/de\/wp-json\/wp\/v2\/pages\/2333\/revisions\/3324"}],"wp:attachment":[{"href":"https:\/\/olpsa.pt\/de\/wp-json\/wp\/v2\/media?parent=2333"}],"curies":[{"name":"wp","href":"https:\/\/api.w.org\/{rel}","templated":true}]}}